{"id":1144,"date":"2024-01-22T23:55:11","date_gmt":"2024-01-22T23:55:11","guid":{"rendered":"https:\/\/ingeintegral.com\/?page_id=1144"},"modified":"2024-06-04T02:50:18","modified_gmt":"2024-06-04T02:50:18","slug":"trabajos-mecanicos","status":"publish","type":"page","link":"https:\/\/ingeintegral.com\/?page_id=1144","title":{"rendered":"TRABAJOS MEC\u00c1NICOS"},"content":{"rendered":"\t\t<div data-elementor-type=\"wp-page\" data-elementor-id=\"1144\" class=\"elementor elementor-1144\">\n\t\t\t\t\t\t<section class=\"elementor-section elementor-top-section elementor-element elementor-element-31f1f62 elementor-section-boxed elementor-section-height-default elementor-section-height-default\" data-id=\"31f1f62\" data-element_type=\"section\" data-settings=\"{&quot;background_background&quot;:&quot;classic&quot;}\">\n\t\t\t\t\t\t\t<div class=\"elementor-background-overlay\"><\/div>\n\t\t\t\t\t\t\t<div class=\"elementor-container elementor-column-gap-no\">\n\t\t\t\t\t<div class=\"elementor-column elementor-col-100 elementor-top-column elementor-element elementor-element-b5e6207\" data-id=\"b5e6207\" data-element_type=\"column\">\n\t\t\t<div class=\"elementor-widget-wrap elementor-element-populated\">\n\t\t\t\t\t\t<div class=\"elementor-element elementor-element-a9f54ca elementor-widget elementor-widget-heading\" data-id=\"a9f54ca\" data-element_type=\"widget\" data-widget_type=\"heading.default\">\n\t\t\t\t<div class=\"elementor-widget-container\">\n\t\t\t<h1 class=\"elementor-heading-title elementor-size-default\">TRABAJOS MEC\u00c1NICOS<\/h1>\t\t<\/div>\n\t\t\t\t<\/div>\n\t\t\t\t<div class=\"elementor-element elementor-element-347fe50 elementor-widget elementor-widget-text-editor\" data-id=\"347fe50\" data-element_type=\"widget\" data-widget_type=\"text-editor.default\">\n\t\t\t\t<div class=\"elementor-widget-container\">\n\t\t\t\t\t\t\t<p>Con mano de obra de primera y alta eficiencia<\/p>\t\t\t\t\t\t<\/div>\n\t\t\t\t<\/div>\n\t\t\t\t\t<\/div>\n\t\t<\/div>\n\t\t\t\t\t<\/div>\n\t\t<\/section>\n\t\t\t\t<section class=\"elementor-section elementor-top-section elementor-element elementor-element-424efb0 elementor-section-boxed elementor-section-height-default elementor-section-height-default\" data-id=\"424efb0\" data-element_type=\"section\">\n\t\t\t\t\t\t<div class=\"elementor-container elementor-column-gap-default\">\n\t\t\t\t\t<div class=\"elementor-column elementor-col-100 elementor-top-column elementor-element elementor-element-ad7d54e\" data-id=\"ad7d54e\" data-element_type=\"column\">\n\t\t\t<div class=\"elementor-widget-wrap elementor-element-populated\">\n\t\t\t\t\t\t<div class=\"elementor-element elementor-element-2784014 elementor-widget-divider--view-line elementor-widget elementor-widget-divider\" data-id=\"2784014\" data-element_type=\"widget\" data-widget_type=\"divider.default\">\n\t\t\t\t<div class=\"elementor-widget-container\">\n\t\t\t\t\t<div class=\"elementor-divider\">\n\t\t\t<span class=\"elementor-divider-separator\">\n\t\t\t\t\t\t<\/span>\n\t\t<\/div>\n\t\t\t\t<\/div>\n\t\t\t\t<\/div>\n\t\t\t\t\t<\/div>\n\t\t<\/div>\n\t\t\t\t\t<\/div>\n\t\t<\/section>\n\t\t\t\t<section class=\"elementor-section elementor-top-section elementor-element elementor-element-a46bb88 elementor-section-boxed elementor-section-height-default elementor-section-height-default\" data-id=\"a46bb88\" data-element_type=\"section\">\n\t\t\t\t\t\t<div class=\"elementor-container elementor-column-gap-default\">\n\t\t\t\t\t<div class=\"elementor-column elementor-col-33 elementor-top-column elementor-element elementor-element-4382768\" data-id=\"4382768\" data-element_type=\"column\" data-settings=\"{&quot;background_background&quot;:&quot;classic&quot;}\">\n\t\t\t<div class=\"elementor-widget-wrap elementor-element-populated\">\n\t\t\t\t\t\t<section class=\"elementor-section elementor-inner-section elementor-element elementor-element-aefba0e elementor-section-boxed elementor-section-height-default elementor-section-height-default elementor-invisible\" data-id=\"aefba0e\" data-element_type=\"section\" data-settings=\"{&quot;background_background&quot;:&quot;classic&quot;,&quot;animation&quot;:&quot;pulse&quot;}\">\n\t\t\t\t\t\t<div class=\"elementor-container elementor-column-gap-no\">\n\t\t\t\t\t<div class=\"elementor-column elementor-col-100 elementor-inner-column elementor-element elementor-element-a43ae8a\" data-id=\"a43ae8a\" data-element_type=\"column\">\n\t\t\t<div class=\"elementor-widget-wrap elementor-element-populated\">\n\t\t\t\t\t\t<div class=\"elementor-element elementor-element-3bf3340 elementor-widget elementor-widget-image\" data-id=\"3bf3340\" data-element_type=\"widget\" data-widget_type=\"image.default\">\n\t\t\t\t<div class=\"elementor-widget-container\">\n\t\t\t\t\t\t\t\t\t\t\t\t\t<img fetchpriority=\"high\" decoding=\"async\" width=\"768\" height=\"605\" src=\"https:\/\/ingeintegral.com\/wp-content\/uploads\/2021\/05\/pemex2-768x605.jpg\" class=\"elementor-animation-float attachment-medium_large size-medium_large wp-image-907\" alt=\"\" srcset=\"https:\/\/ingeintegral.com\/wp-content\/uploads\/2021\/05\/pemex2-768x605.jpg 768w, https:\/\/ingeintegral.com\/wp-content\/uploads\/2021\/05\/pemex2-300x236.jpg 300w, https:\/\/ingeintegral.com\/wp-content\/uploads\/2021\/05\/pemex2.jpg 822w\" sizes=\"(max-width: 768px) 100vw, 768px\" \/>\t\t\t\t\t\t\t\t\t\t\t\t\t<\/div>\n\t\t\t\t<\/div>\n\t\t\t\t<div class=\"elementor-element elementor-element-688dd6d elementor-widget elementor-widget-heading\" data-id=\"688dd6d\" data-element_type=\"widget\" data-widget_type=\"heading.default\">\n\t\t\t\t<div class=\"elementor-widget-container\">\n\t\t\t<h3 class=\"elementor-heading-title elementor-size-medium\">DISE\u00d1O Y EJECUCI\u00d3N DE TUBER\u00cdAS EN ACERO AL CARB\u00d3N E INOXIDABLE PVC Y OTROS MATERIALES PARA TODO TIPO DE FLUIDOS (AIRE, AGUA, NITR\u00d3GENO, GAS, ETC.)<\/h3>\t\t<\/div>\n\t\t\t\t<\/div>\n\t\t\t\t\t<\/div>\n\t\t<\/div>\n\t\t\t\t\t<\/div>\n\t\t<\/section>\n\t\t\t\t\t<\/div>\n\t\t<\/div>\n\t\t\t\t<div class=\"elementor-column elementor-col-33 elementor-top-column elementor-element elementor-element-fe03864\" data-id=\"fe03864\" data-element_type=\"column\" data-settings=\"{&quot;background_background&quot;:&quot;classic&quot;}\">\n\t\t\t<div class=\"elementor-widget-wrap elementor-element-populated\">\n\t\t\t\t\t\t<section class=\"elementor-section elementor-inner-section elementor-element elementor-element-0a69c3b elementor-section-boxed elementor-section-height-default elementor-section-height-default\" data-id=\"0a69c3b\" data-element_type=\"section\">\n\t\t\t\t\t\t<div class=\"elementor-container elementor-column-gap-no\">\n\t\t\t\t\t<div class=\"elementor-column elementor-col-100 elementor-inner-column elementor-element elementor-element-2973841\" data-id=\"2973841\" data-element_type=\"column\">\n\t\t\t<div class=\"elementor-widget-wrap elementor-element-populated\">\n\t\t\t\t\t\t<div class=\"elementor-element elementor-element-e9415cb elementor-widget elementor-widget-image\" data-id=\"e9415cb\" data-element_type=\"widget\" data-widget_type=\"image.default\">\n\t\t\t\t<div class=\"elementor-widget-container\">\n\t\t\t\t\t\t\t\t\t\t\t\t\t<img fetchpriority=\"high\" decoding=\"async\" width=\"768\" height=\"605\" src=\"https:\/\/ingeintegral.com\/wp-content\/uploads\/2021\/05\/pemex2-768x605.jpg\" class=\"elementor-animation-float attachment-medium_large size-medium_large wp-image-907\" alt=\"\" srcset=\"https:\/\/ingeintegral.com\/wp-content\/uploads\/2021\/05\/pemex2-768x605.jpg 768w, https:\/\/ingeintegral.com\/wp-content\/uploads\/2021\/05\/pemex2-300x236.jpg 300w, https:\/\/ingeintegral.com\/wp-content\/uploads\/2021\/05\/pemex2.jpg 822w\" sizes=\"(max-width: 768px) 100vw, 768px\" \/>\t\t\t\t\t\t\t\t\t\t\t\t\t<\/div>\n\t\t\t\t<\/div>\n\t\t\t\t<div class=\"elementor-element elementor-element-c916551 elementor-widget elementor-widget-heading\" data-id=\"c916551\" data-element_type=\"widget\" data-widget_type=\"heading.default\">\n\t\t\t\t<div class=\"elementor-widget-container\">\n\t\t\t<h3 class=\"elementor-heading-title elementor-size-medium\">DISE\u00d1O E INSTALACI\u00d3N DE SISTEMAS DE BOMBEO, CON CONTROL DE FLUJO, PRESI\u00d3N Y OTROS PAR\u00c1METROS CR\u00cdTICOS.<\/h3>\t\t<\/div>\n\t\t\t\t<\/div>\n\t\t\t\t\t<\/div>\n\t\t<\/div>\n\t\t\t\t\t<\/div>\n\t\t<\/section>\n\t\t\t\t\t<\/div>\n\t\t<\/div>\n\t\t\t\t<div class=\"elementor-column elementor-col-33 elementor-top-column elementor-element elementor-element-d7bb997\" data-id=\"d7bb997\" data-element_type=\"column\" data-settings=\"{&quot;background_background&quot;:&quot;classic&quot;}\">\n\t\t\t<div class=\"elementor-widget-wrap elementor-element-populated\">\n\t\t\t\t\t\t<section class=\"elementor-section elementor-inner-section elementor-element elementor-element-9c1d8c6 elementor-section-boxed elementor-section-height-default elementor-section-height-default\" data-id=\"9c1d8c6\" data-element_type=\"section\">\n\t\t\t\t\t\t<div class=\"elementor-container elementor-column-gap-no\">\n\t\t\t\t\t<div class=\"elementor-column elementor-col-100 elementor-inner-column elementor-element elementor-element-48bc783\" data-id=\"48bc783\" data-element_type=\"column\">\n\t\t\t<div class=\"elementor-widget-wrap elementor-element-populated\">\n\t\t\t\t\t\t<div class=\"elementor-element elementor-element-b33a3e2 elementor-widget elementor-widget-image\" data-id=\"b33a3e2\" data-element_type=\"widget\" data-widget_type=\"image.default\">\n\t\t\t\t<div class=\"elementor-widget-container\">\n\t\t\t\t\t\t\t\t\t\t\t\t\t<img fetchpriority=\"high\" decoding=\"async\" width=\"768\" height=\"605\" src=\"https:\/\/ingeintegral.com\/wp-content\/uploads\/2021\/05\/pemex2-768x605.jpg\" class=\"elementor-animation-float attachment-medium_large size-medium_large wp-image-907\" alt=\"\" srcset=\"https:\/\/ingeintegral.com\/wp-content\/uploads\/2021\/05\/pemex2-768x605.jpg 768w, https:\/\/ingeintegral.com\/wp-content\/uploads\/2021\/05\/pemex2-300x236.jpg 300w, https:\/\/ingeintegral.com\/wp-content\/uploads\/2021\/05\/pemex2.jpg 822w\" sizes=\"(max-width: 768px) 100vw, 768px\" \/>\t\t\t\t\t\t\t\t\t\t\t\t\t<\/div>\n\t\t\t\t<\/div>\n\t\t\t\t<div class=\"elementor-element elementor-element-550f045 elementor-widget elementor-widget-heading\" data-id=\"550f045\" data-element_type=\"widget\" data-widget_type=\"heading.default\">\n\t\t\t\t<div class=\"elementor-widget-container\">\n\t\t\t<h3 class=\"elementor-heading-title elementor-size-medium\">DISE\u00d1O E INSTALACI\u00d3N DE PEQUE\u00d1AS NAVES INDUSTRIALES (60m X 40m) Y ESTRUCTURAS COMO PLATAFORMAS.\n<\/h3>\t\t<\/div>\n\t\t\t\t<\/div>\n\t\t\t\t\t<\/div>\n\t\t<\/div>\n\t\t\t\t\t<\/div>\n\t\t<\/section>\n\t\t\t\t\t<\/div>\n\t\t<\/div>\n\t\t\t\t\t<\/div>\n\t\t<\/section>\n\t\t\t\t<section class=\"elementor-section elementor-top-section elementor-element elementor-element-a76357a elementor-section-boxed elementor-section-height-default elementor-section-height-default\" data-id=\"a76357a\" data-element_type=\"section\">\n\t\t\t\t\t\t<div class=\"elementor-container elementor-column-gap-default\">\n\t\t\t\t\t<div class=\"elementor-column elementor-col-100 elementor-top-column elementor-element elementor-element-ae354e1\" data-id=\"ae354e1\" data-element_type=\"column\">\n\t\t\t<div class=\"elementor-widget-wrap elementor-element-populated\">\n\t\t\t\t\t\t<div class=\"elementor-element elementor-element-9013e92 elementor-widget elementor-widget-spacer\" data-id=\"9013e92\" data-element_type=\"widget\" data-widget_type=\"spacer.default\">\n\t\t\t\t<div class=\"elementor-widget-container\">\n\t\t\t\t\t<div class=\"elementor-spacer\">\n\t\t\t<div class=\"elementor-spacer-inner\"><\/div>\n\t\t<\/div>\n\t\t\t\t<\/div>\n\t\t\t\t<\/div>\n\t\t\t\t\t<\/div>\n\t\t<\/div>\n\t\t\t\t\t<\/div>\n\t\t<\/section>\n\t\t\t\t<section class=\"elementor-section elementor-top-section elementor-element elementor-element-099bb56 elementor-section-boxed elementor-section-height-default elementor-section-height-default\" data-id=\"099bb56\" data-element_type=\"section\">\n\t\t\t\t\t\t<div class=\"elementor-container elementor-column-gap-default\">\n\t\t\t\t\t<div class=\"elementor-column elementor-col-33 elementor-top-column elementor-element elementor-element-f16228f\" data-id=\"f16228f\" data-element_type=\"column\" data-settings=\"{&quot;background_background&quot;:&quot;classic&quot;}\">\n\t\t\t<div class=\"elementor-widget-wrap elementor-element-populated\">\n\t\t\t\t\t\t<section class=\"elementor-section elementor-inner-section elementor-element elementor-element-13fc921 elementor-section-boxed elementor-section-height-default elementor-section-height-default elementor-invisible\" data-id=\"13fc921\" data-element_type=\"section\" data-settings=\"{&quot;background_background&quot;:&quot;classic&quot;,&quot;animation&quot;:&quot;pulse&quot;}\">\n\t\t\t\t\t\t<div class=\"elementor-container elementor-column-gap-no\">\n\t\t\t\t\t<div class=\"elementor-column elementor-col-100 elementor-inner-column elementor-element elementor-element-ebade5a\" data-id=\"ebade5a\" data-element_type=\"column\">\n\t\t\t<div class=\"elementor-widget-wrap elementor-element-populated\">\n\t\t\t\t\t\t<div class=\"elementor-element elementor-element-82f8940 elementor-widget elementor-widget-image\" data-id=\"82f8940\" data-element_type=\"widget\" data-widget_type=\"image.default\">\n\t\t\t\t<div class=\"elementor-widget-container\">\n\t\t\t\t\t\t\t\t\t\t\t\t\t<img fetchpriority=\"high\" decoding=\"async\" width=\"768\" height=\"605\" src=\"https:\/\/ingeintegral.com\/wp-content\/uploads\/2021\/05\/pemex2-768x605.jpg\" class=\"elementor-animation-float attachment-medium_large size-medium_large wp-image-907\" alt=\"\" srcset=\"https:\/\/ingeintegral.com\/wp-content\/uploads\/2021\/05\/pemex2-768x605.jpg 768w, https:\/\/ingeintegral.com\/wp-content\/uploads\/2021\/05\/pemex2-300x236.jpg 300w, https:\/\/ingeintegral.com\/wp-content\/uploads\/2021\/05\/pemex2.jpg 822w\" sizes=\"(max-width: 768px) 100vw, 768px\" \/>\t\t\t\t\t\t\t\t\t\t\t\t\t<\/div>\n\t\t\t\t<\/div>\n\t\t\t\t<div class=\"elementor-element elementor-element-fc2b159 elementor-widget elementor-widget-heading\" data-id=\"fc2b159\" data-element_type=\"widget\" data-widget_type=\"heading.default\">\n\t\t\t\t<div class=\"elementor-widget-container\">\n\t\t\t<h3 class=\"elementor-heading-title elementor-size-medium\">DISE\u00d1O Y FABRICACI\u00d3N DE RACKS PARA TRATAMIENTO T\u00c9RMICO Y OTRO TIPO DE PROCESOS. (ARENADO, PINTURA, HORNEADO, ETC.)\u200b\n<\/h3>\t\t<\/div>\n\t\t\t\t<\/div>\n\t\t\t\t\t<\/div>\n\t\t<\/div>\n\t\t\t\t\t<\/div>\n\t\t<\/section>\n\t\t\t\t\t<\/div>\n\t\t<\/div>\n\t\t\t\t<div class=\"elementor-column elementor-col-33 elementor-top-column elementor-element elementor-element-727b7fe\" data-id=\"727b7fe\" data-element_type=\"column\" data-settings=\"{&quot;background_background&quot;:&quot;classic&quot;}\">\n\t\t\t<div class=\"elementor-widget-wrap elementor-element-populated\">\n\t\t\t\t\t\t<section class=\"elementor-section elementor-inner-section elementor-element elementor-element-27d824c elementor-section-boxed elementor-section-height-default elementor-section-height-default\" data-id=\"27d824c\" data-element_type=\"section\">\n\t\t\t\t\t\t<div class=\"elementor-container elementor-column-gap-no\">\n\t\t\t\t\t<div class=\"elementor-column elementor-col-100 elementor-inner-column elementor-element elementor-element-c55af2d\" data-id=\"c55af2d\" data-element_type=\"column\">\n\t\t\t<div class=\"elementor-widget-wrap elementor-element-populated\">\n\t\t\t\t\t\t<div class=\"elementor-element elementor-element-faf7406 elementor-widget elementor-widget-image\" data-id=\"faf7406\" data-element_type=\"widget\" data-widget_type=\"image.default\">\n\t\t\t\t<div class=\"elementor-widget-container\">\n\t\t\t\t\t\t\t\t\t\t\t\t\t<img fetchpriority=\"high\" decoding=\"async\" width=\"768\" height=\"605\" src=\"https:\/\/ingeintegral.com\/wp-content\/uploads\/2021\/05\/pemex2-768x605.jpg\" class=\"elementor-animation-float attachment-medium_large size-medium_large wp-image-907\" alt=\"\" srcset=\"https:\/\/ingeintegral.com\/wp-content\/uploads\/2021\/05\/pemex2-768x605.jpg 768w, https:\/\/ingeintegral.com\/wp-content\/uploads\/2021\/05\/pemex2-300x236.jpg 300w, https:\/\/ingeintegral.com\/wp-content\/uploads\/2021\/05\/pemex2.jpg 822w\" sizes=\"(max-width: 768px) 100vw, 768px\" \/>\t\t\t\t\t\t\t\t\t\t\t\t\t<\/div>\n\t\t\t\t<\/div>\n\t\t\t\t<div class=\"elementor-element elementor-element-9ab9d43 elementor-widget elementor-widget-heading\" data-id=\"9ab9d43\" data-element_type=\"widget\" data-widget_type=\"heading.default\">\n\t\t\t\t<div class=\"elementor-widget-container\">\n\t\t\t<h3 class=\"elementor-heading-title elementor-size-medium\">REPARACI\u00d3N DE TANQUES A PRESI\u00d3N Y REACTORES. (AIRE Y GAS)<\/h3>\t\t<\/div>\n\t\t\t\t<\/div>\n\t\t\t\t\t<\/div>\n\t\t<\/div>\n\t\t\t\t\t<\/div>\n\t\t<\/section>\n\t\t\t\t\t<\/div>\n\t\t<\/div>\n\t\t\t\t<div class=\"elementor-column elementor-col-33 elementor-top-column elementor-element elementor-element-8b635cb\" data-id=\"8b635cb\" data-element_type=\"column\" data-settings=\"{&quot;background_background&quot;:&quot;classic&quot;}\">\n\t\t\t<div class=\"elementor-widget-wrap elementor-element-populated\">\n\t\t\t\t\t\t<section class=\"elementor-section elementor-inner-section elementor-element elementor-element-e511268 elementor-section-boxed elementor-section-height-default elementor-section-height-default\" data-id=\"e511268\" data-element_type=\"section\">\n\t\t\t\t\t\t<div class=\"elementor-container elementor-column-gap-no\">\n\t\t\t\t\t<div class=\"elementor-column elementor-col-100 elementor-inner-column elementor-element elementor-element-b6b547d\" data-id=\"b6b547d\" data-element_type=\"column\">\n\t\t\t<div class=\"elementor-widget-wrap elementor-element-populated\">\n\t\t\t\t\t\t<div class=\"elementor-element elementor-element-828925f elementor-widget elementor-widget-image\" data-id=\"828925f\" data-element_type=\"widget\" data-widget_type=\"image.default\">\n\t\t\t\t<div class=\"elementor-widget-container\">\n\t\t\t\t\t\t\t\t\t\t\t\t\t<img fetchpriority=\"high\" decoding=\"async\" width=\"768\" height=\"605\" src=\"https:\/\/ingeintegral.com\/wp-content\/uploads\/2021\/05\/pemex2-768x605.jpg\" class=\"elementor-animation-float attachment-medium_large size-medium_large wp-image-907\" alt=\"\" srcset=\"https:\/\/ingeintegral.com\/wp-content\/uploads\/2021\/05\/pemex2-768x605.jpg 768w, https:\/\/ingeintegral.com\/wp-content\/uploads\/2021\/05\/pemex2-300x236.jpg 300w, https:\/\/ingeintegral.com\/wp-content\/uploads\/2021\/05\/pemex2.jpg 822w\" sizes=\"(max-width: 768px) 100vw, 768px\" \/>\t\t\t\t\t\t\t\t\t\t\t\t\t<\/div>\n\t\t\t\t<\/div>\n\t\t\t\t<div class=\"elementor-element elementor-element-b2c5685 elementor-widget elementor-widget-heading\" data-id=\"b2c5685\" data-element_type=\"widget\" data-widget_type=\"heading.default\">\n\t\t\t\t<div class=\"elementor-widget-container\">\n\t\t\t<h3 class=\"elementor-heading-title elementor-size-medium\">PAILERIA EN GENERAL EN ACERO AL CARB\u00d3N Y ACERO INOXIDABLE. (CICLONES, TOLVAS, GUARDAS, CANCELES, ETC.)<\/h3>\t\t<\/div>\n\t\t\t\t<\/div>\n\t\t\t\t\t<\/div>\n\t\t<\/div>\n\t\t\t\t\t<\/div>\n\t\t<\/section>\n\t\t\t\t\t<\/div>\n\t\t<\/div>\n\t\t\t\t\t<\/div>\n\t\t<\/section>\n\t\t\t\t<section class=\"elementor-section elementor-top-section elementor-element elementor-element-025a5f2 elementor-section-boxed elementor-section-height-default elementor-section-height-default\" data-id=\"025a5f2\" data-element_type=\"section\">\n\t\t\t\t\t\t<div class=\"elementor-container elementor-column-gap-default\">\n\t\t\t\t\t<div class=\"elementor-column elementor-col-100 elementor-top-column elementor-element elementor-element-460a2b4\" data-id=\"460a2b4\" data-element_type=\"column\">\n\t\t\t<div class=\"elementor-widget-wrap elementor-element-populated\">\n\t\t\t\t\t\t<div class=\"elementor-element elementor-element-d31af70 elementor-widget elementor-widget-spacer\" data-id=\"d31af70\" data-element_type=\"widget\" data-widget_type=\"spacer.default\">\n\t\t\t\t<div class=\"elementor-widget-container\">\n\t\t\t\t\t<div class=\"elementor-spacer\">\n\t\t\t<div class=\"elementor-spacer-inner\"><\/div>\n\t\t<\/div>\n\t\t\t\t<\/div>\n\t\t\t\t<\/div>\n\t\t\t\t\t<\/div>\n\t\t<\/div>\n\t\t\t\t\t<\/div>\n\t\t<\/section>\n\t\t\t\t<section class=\"elementor-section elementor-top-section elementor-element elementor-element-099346a elementor-section-boxed elementor-section-height-default elementor-section-height-default\" data-id=\"099346a\" data-element_type=\"section\">\n\t\t\t\t\t\t<div class=\"elementor-container elementor-column-gap-default\">\n\t\t\t\t\t<div class=\"elementor-column elementor-col-100 elementor-top-column elementor-element elementor-element-37e4c2e\" data-id=\"37e4c2e\" data-element_type=\"column\">\n\t\t\t<div class=\"elementor-widget-wrap elementor-element-populated\">\n\t\t\t\t\t\t<div class=\"elementor-element elementor-element-2f4898f elementor-widget elementor-widget-image\" data-id=\"2f4898f\" data-element_type=\"widget\" data-widget_type=\"image.default\">\n\t\t\t\t<div class=\"elementor-widget-container\">\n\t\t\t\t\t\t\t\t\t\t\t\t\t<img fetchpriority=\"high\" decoding=\"async\" width=\"768\" height=\"605\" src=\"https:\/\/ingeintegral.com\/wp-content\/uploads\/2021\/05\/pemex2-768x605.jpg\" class=\"elementor-animation-float attachment-medium_large size-medium_large wp-image-907\" alt=\"\" srcset=\"https:\/\/ingeintegral.com\/wp-content\/uploads\/2021\/05\/pemex2-768x605.jpg 768w, https:\/\/ingeintegral.com\/wp-content\/uploads\/2021\/05\/pemex2-300x236.jpg 300w, https:\/\/ingeintegral.com\/wp-content\/uploads\/2021\/05\/pemex2.jpg 822w\" sizes=\"(max-width: 768px) 100vw, 768px\" \/>\t\t\t\t\t\t\t\t\t\t\t\t\t<\/div>\n\t\t\t\t<\/div>\n\t\t\t\t<section class=\"elementor-section elementor-inner-section elementor-element elementor-element-63f6074 elementor-section-boxed elementor-section-height-default elementor-section-height-default\" data-id=\"63f6074\" data-element_type=\"section\">\n\t\t\t\t\t\t<div class=\"elementor-container elementor-column-gap-no\">\n\t\t\t\t\t<div class=\"elementor-column elementor-col-100 elementor-inner-column elementor-element elementor-element-b0159f4\" data-id=\"b0159f4\" data-element_type=\"column\">\n\t\t\t<div class=\"elementor-widget-wrap elementor-element-populated\">\n\t\t\t\t\t\t<div class=\"elementor-element elementor-element-e5dc7e4 elementor-widget elementor-widget-heading\" data-id=\"e5dc7e4\" data-element_type=\"widget\" data-widget_type=\"heading.default\">\n\t\t\t\t<div class=\"elementor-widget-container\">\n\t\t\t<h3 class=\"elementor-heading-title elementor-size-medium\">DISE\u00d1O Y FABRICACI\u00d3N DE DISPOSITIVOS. (MANEJO DE PIEZAS CALIENTES, POKA YOKES  PARA MAQUINADO)\n<\/h3>\t\t<\/div>\n\t\t\t\t<\/div>\n\t\t\t\t\t<\/div>\n\t\t<\/div>\n\t\t\t\t\t<\/div>\n\t\t<\/section>\n\t\t\t\t\t<\/div>\n\t\t<\/div>\n\t\t\t\t\t<\/div>\n\t\t<\/section>\n\t\t\t\t<\/div>\n\t\t","protected":false},"excerpt":{"rendered":"<p>TRABAJOS MEC\u00c1NICOS Con mano de obra de primera y alta eficiencia DISE\u00d1O Y EJECUCI\u00d3N DE TUBER\u00cdAS EN ACERO AL CARB\u00d3N E INOXIDABLE PVC Y OTROS MATERIALES PARA TODO TIPO DE FLUIDOS (AIRE, AGUA, NITR\u00d3GENO, GAS, ETC.) DISE\u00d1O E INSTALACI\u00d3N DE SISTEMAS DE BOMBEO, CON CONTROL DE FLUJO, PRESI\u00d3N Y OTROS PAR\u00c1METROS CR\u00cdTICOS. DISE\u00d1O E INSTALACI\u00d3N [&hellip;]<\/p>\n","protected":false},"author":1,"featured_media":0,"parent":0,"menu_order":0,"comment_status":"closed","ping_status":"closed","template":"","meta":{"site-sidebar-layout":"no-sidebar","site-content-layout":"page-builder","ast-site-content-layout":"full-width-container","site-content-style":"default","site-sidebar-style":"default","ast-global-header-display":"","ast-banner-title-visibility":"","ast-main-header-display":"","ast-hfb-above-header-display":"","ast-hfb-below-header-display":"","ast-hfb-mobile-header-display":"","site-post-title":"disabled","ast-breadcrumbs-content":"","ast-featured-img":"disabled","footer-sml-layout":"","theme-transparent-header-meta":"","adv-header-id-meta":"","stick-header-meta":"","header-above-stick-meta":"","header-main-stick-meta":"","header-below-stick-meta":"","astra-migrate-meta-layouts":"set","ast-page-background-enabled":"default","ast-page-background-meta":{"desktop":{"background-color":"","background-image":"","background-repeat":"repeat","background-position":"center center","background-size":"auto","background-attachment":"scroll","background-type":"","background-media":"","overlay-type":"","overlay-color":"","overlay-opacity":"","overlay-gradient":""},"tablet":{"background-color":"","background-image":"","background-repeat":"repeat","background-position":"center center","background-size":"auto","background-attachment":"scroll","background-type":"","background-media":"","overlay-type":"","overlay-color":"","overlay-opacity":"","overlay-gradient":""},"mobile":{"background-color":"","background-image":"","background-repeat":"repeat","background-position":"center center","background-size":"auto","background-attachment":"scroll","background-type":"","background-media":"","overlay-type":"","overlay-color":"","overlay-opacity":"","overlay-gradient":""}},"ast-content-background-meta":{"desktop":{"background-color":"var(--ast-global-color-5)","background-image":"","background-repeat":"repeat","background-position":"center center","background-size":"auto","background-attachment":"scroll","background-type":"","background-media":"","overlay-type":"","overlay-color":"","overlay-opacity":"","overlay-gradient":""},"tablet":{"background-color":"var(--ast-global-color-5)","background-image":"","background-repeat":"repeat","background-position":"center center","background-size":"auto","background-attachment":"scroll","background-type":"","background-media":"","overlay-type":"","overlay-color":"","overlay-opacity":"","overlay-gradient":""},"mobile":{"background-color":"var(--ast-global-color-5)","background-image":"","background-repeat":"repeat","background-position":"center center","background-size":"auto","background-attachment":"scroll","background-type":"","background-media":"","overlay-type":"","overlay-color":"","overlay-opacity":"","overlay-gradient":""}},"footnotes":""},"_links":{"self":[{"href":"https:\/\/ingeintegral.com\/index.php?rest_route=\/wp\/v2\/pages\/1144"}],"collection":[{"href":"https:\/\/ingeintegral.com\/index.php?rest_route=\/wp\/v2\/pages"}],"about":[{"href":"https:\/\/ingeintegral.com\/index.php?rest_route=\/wp\/v2\/types\/page"}],"author":[{"embeddable":true,"href":"https:\/\/ingeintegral.com\/index.php?rest_route=\/wp\/v2\/users\/1"}],"replies":[{"embeddable":true,"href":"https:\/\/ingeintegral.com\/index.php?rest_route=%2Fwp%2Fv2%2Fcomments&post=1144"}],"version-history":[{"count":76,"href":"https:\/\/ingeintegral.com\/index.php?rest_route=\/wp\/v2\/pages\/1144\/revisions"}],"predecessor-version":[{"id":1412,"href":"https:\/\/ingeintegral.com\/index.php?rest_route=\/wp\/v2\/pages\/1144\/revisions\/1412"}],"wp:attachment":[{"href":"https:\/\/ingeintegral.com\/index.php?rest_route=%2Fwp%2Fv2%2Fmedia&parent=1144"}],"curies":[{"name":"wp","href":"https:\/\/api.w.org\/{rel}","templated":true}]}}